{"id":27540,"date":"2023-01-12T17:53:36","date_gmt":"2023-01-12T16:53:36","guid":{"rendered":"https:\/\/tpienczak.com\/?page_id=27540"},"modified":"2024-05-07T15:55:06","modified_gmt":"2024-05-07T13:55:06","slug":"about","status":"publish","type":"page","link":"https:\/\/tpienczak.com\/en\/about\/","title":{"rendered":"About"},"content":{"rendered":"<p>[vc_row css_animation=&#8221;slideInRight&#8221;][vc_column]<div class=\"nm-banner-slider plugin-slick pagination-color-light slick-slider slick-dots-disabled\" data-adaptive-height=\"true\" data-arrows=\"true\" data-fade=\"true\" data-speed=\"1000\" data-autoplay=\"true\" data-autoplay-speed=\"1000\" data-infinite=\"true\">\r\n\t\t\t<div class=\"nm-banner content-full image-type-fluid has-alt-image text-color-dark subtitle-below\" style=\"\"><a href=\"https:\/\/tpienczak.com\/studio\/coffee-dealer\/\" class=\"nm-banner-link nm-banner-link-full\"><img src=\"https:\/\/tpienczak.com\/wp-content\/uploads\/2024\/02\/TPIENCZAK_Banner_About_Main_01-1-scaled.jpg\" alt=\"TPIENCZAK_Banner_About_Main_01\" \/><img src=\"https:\/\/tpienczak.com\/wp-content\/uploads\/2024\/02\/TPIENCZAK_Banner_About_Mobile_01.jpg\" class=\"nm-banner-alt-image img\" alt=\"TPIENCZAK_Banner_About_Mobile_01\" \/><\/a>\r\n\t\t\t<\/div><\/div>[\/vc_column][\/vc_row][vc_row max_width=&#8221;1000&#8243;][vc_column][vc_empty_space height=&#8221;45&#8243;][vc_column_text]<\/p>\n<h2>Tommy Pie\u00f1czak, artist, illustrator, Art Director with a passion for design. A master of routine, a traveler, and a hyper-active creator<\/h2>\n<p>[\/vc_column_text][vc_empty_space height=&#8221;30&#8243;][\/vc_column][\/vc_row][vc_row max_width=&#8221;1000&#8243;][vc_column][vc_column_text]<\/p>\n<h5>I have over a decade of experience working as an Art Director, Illustrator, Entrepreneur, and Designer. I&#8217;ve collaborated with large international brands, worked on complex projects and campaigns, creating designs that endure to this day. I&#8217;ve translated the vast experience I&#8217;ve gathered into an individual career path, combining branding and advertising with illustration and artistic development. I prioritize clear visual communication, hitting the essence of the topic at hand. I create visual content focused on brands, campaign themes, and products.<\/h5>\n<p>[\/vc_column_text][vc_empty_space height=&#8221;30&#8243;][vc_column_text]<\/p>\n<h6><a href=\"https:\/\/tpienczak.com\/portfolio\/\"><span style=\"color: #fe4731;\">Check my full portfolio <strong>\u2192<\/strong><\/span><\/a><\/h6>\n<p>[\/vc_column_text][\/vc_column][\/vc_row][vc_row max_width=&#8221;1000&#8243;][vc_column][vc_empty_space height=&#8221;30&#8243;][\/vc_column][\/vc_row][vc_row max_width=&#8221;1000&#8243; css_animation=&#8221;slideInRight&#8221;][vc_column]<div class=\"nm-banner-slider plugin-slick pagination-color-light slick-slider slick-dots-disabled\" data-adaptive-height=\"true\" data-fade=\"true\" data-speed=\"1500\" data-autoplay=\"true\" data-autoplay-speed=\"2500\" data-infinite=\"true\">\r\n\t\t\t<div class=\"nm-banner content-full image-type-fluid has-alt-image text-color-dark subtitle-below\" style=\"\"><a href=\"https:\/\/tpienczak.com\/portfolio\/\" class=\"nm-banner-link nm-banner-link-full\"><img src=\"https:\/\/tpienczak.com\/wp-content\/uploads\/2024\/02\/TPIENCZAK_Banner_About_03-1-scaled.jpg\" alt=\"TPIENCZAK_Banner_About_03\" \/><img src=\"https:\/\/tpienczak.com\/wp-content\/uploads\/2024\/02\/TPIENCZAK_Banner_About_Main_Mobile_03.jpg\" class=\"nm-banner-alt-image img\" alt=\"TPIENCZAK_Banner_About_Main_Mobile_03\" \/><\/a>\r\n\t\t\t<\/div><\/div>[vc_empty_space height=&#8221;30&#8243;][\/vc_column][\/vc_row][vc_row max_width=&#8221;1000&#8243;][vc_column][vc_column_text]<\/p>\n<h2>We undertake projects where we don&#8217;t limit ourselves in forms. We work in various parts of the world. We draw inspiration from touching many cultures, flavors, and human emotions<\/h2>\n<p>[\/vc_column_text][vc_empty_space height=&#8221;30&#8243;][\/vc_column][\/vc_row][vc_row max_width=&#8221;1000&#8243;][vc_column][vc_column_text]<\/p>\n<div class=\"wpb_text_column wpb_content_element \">\n<div class=\"wpb_wrapper\">\n<h5>We love to shake up our life story at the least expected moments. Since 2014, we&#8217;ve visited dozens of countries and hundreds of cities. In 2020, I left my studio in Warsaw&#8217;s Powi\u015ble to fulfill my dream and live among palm trees. Since then, we&#8217;ve lived and worked in Bali, Barcelona, and Zanzibar, ultimately building a studio in Lanzarote.<\/h5>\n<\/div>\n<\/div>\n<p>[\/vc_column_text][vc_empty_space height=&#8221;30&#8243;][\/vc_column][\/vc_row][vc_row max_width=&#8221;1000&#8243; css_animation=&#8221;slideInRight&#8221;][vc_column]<div class=\"nm-banner-slider plugin-slick pagination-color-light slick-slider slick-dots-disabled\" data-adaptive-height=\"true\" data-fade=\"true\" data-speed=\"1500\" data-autoplay=\"true\" data-autoplay-speed=\"2500\" data-infinite=\"true\">\r\n\t\t\t<div class=\"nm-banner content-full image-type-fluid has-alt-image text-color-dark subtitle-below\" style=\"\"><a href=\"https:\/\/tpienczak.com\/portfolio\/\" class=\"nm-banner-link nm-banner-link-full\"><img src=\"https:\/\/tpienczak.com\/wp-content\/uploads\/2024\/02\/TPIENCZAK_Banner_About_02-1-scaled.jpg\" alt=\"TPIENCZAK_Banner_About_02\" \/><img src=\"https:\/\/tpienczak.com\/wp-content\/uploads\/2024\/02\/TPIENCZAK_Banner_About_Main_Mobile_02.jpg\" class=\"nm-banner-alt-image img\" alt=\"TPIENCZAK_Banner_About_Main_Mobile_02\" \/><\/a>\r\n\t\t\t<\/div><\/div>[vc_empty_space height=&#8221;30&#8243;][\/vc_column][\/vc_row][vc_row max_width=&#8221;1000&#8243;][vc_column][vc_column_text]<\/p>\n<h2>Joanna Tobo\u0142a-Pie\u00f1czak is responsible for smooth processes and formal aspects. She has extensive experience gained in leadership and managerial positions in the IT world and beyond.<\/h2>\n<p>[\/vc_column_text][vc_empty_space height=&#8221;30&#8243;][vc_column_text]<\/p>\n<div class=\"wpb_text_column wpb_content_element \">\n<div class=\"wpb_wrapper\">\n<div class=\"wpb_text_column wpb_content_element \">\n<div class=\"wpb_wrapper\">\n<h5>She oversees communication and effective collaboration with clients. She&#8217;s a specialist in personal development and change management. She&#8217;s also the author of developmental publications, which she shares through articles, podcasts, and products available on <a href=\"http:\/\/www.slowtalks.pl\">slowtalks.pl.\u00a0<\/a> We&#8217;ve combined an agile working approach with knowledge of modern and traditional visual techniques. This allows us to create unique works that we translate into various dimensions and forms: digital world, print, and the art world.<\/h5>\n<\/div>\n<\/div>\n<\/div>\n<\/div>\n<p>[\/vc_column_text][\/vc_column][\/vc_row][vc_row max_width=&#8221;1000&#8243;][vc_column][vc_empty_space height=&#8221;30&#8243;][vc_video link=&#8221;https:\/\/www.youtube.com\/watch?v=0jr-1QA5Xu8&amp;t=269s&#8221; align=&#8221;center&#8221;][vc_empty_space height=&#8221;30&#8243;][\/vc_column][\/vc_row][vc_row max_width=&#8221;1000&#8243;][vc_column][vc_column_text]<\/p>\n<div class=\"wpb_text_column wpb_content_element \">\n<div class=\"wpb_wrapper\">\n<p><strong>Exhibitions: <\/strong>N22 Prezentuje\u201d, 2023, Warsaw \u2013 Solo Show \/ \u201eCoffee Dealer\u201d, 2023, Gniazdo, Wroc\u0142aw \u2013 Release Event \/ \u00a0\u201eMoodboard\u201d, 2022, Warsaw \u2013 Solo Show \/ \u201eCoffee Dealer\u201d, 2022, Dobra Materia, Warszawa \u2013 Release Event <strong>\/ <\/strong>\u201ePlakat Wisi\u201d, 2022, Stary Browar, Pozna\u0144 \u2013 Group Exhibition<strong> \/ <\/strong>&#8220;Moodboard&#8221; 2022, Havana, Warszawa &#8211; Solo show \u00a0\/ &#8220;Zacni Przyjaciele&#8221;, 2022, Galeria Zacnie, Pozna\u0144 \/ &#8220;Cover Awards&#8221;, 2021, Rondo Sztuki, Katowice \/ \u00a0\u201cNeonArt\u201d, 2019, Centrum Spotkania Kultur, Lublin \u2013 Group Exhibition \/ \u201c20\/2020\u201d, 2019, Galeria Zacnie, Pozna\u0144 \u2013 Group Exhibition \/ \u201cKontakt\u201d, 2019, Ulica Elekrtyk\u00f3w, Gda\u0144sk \u2013 Solo Show \/ \u201cEverything is OK\u201d, 2019, Tandem, Warsaw \u2013 Solo Show \/ \u201cAfter Hours\u201d, 2019, Wilcza 13, Warsaw \u2013 Group Exhibition \/ \u201cSwords Warsaw\u201d, 2019, Foodoo, Warsaw \u2013 Group Exhibition \/ \u201cBez przekazu\u201d, 2019, Warmut, Warsaw \u2013 Group Exhibition \/ 30\/30, 2019, Stary Browar, Pozna\u0144 \/ \u00a0\u201cBez przekazu\u201d, 2019, O\u015brodek Kultury i Sztuki im. Themerson\u00f3w, P\u0142ock \u2013 Group Exhibition \/ \u201cO Tutaj\u201d, 2018, \u0141\u00f3d\u017a Design Festival, \u0141\u00f3d\u017a \u2013 Group Exhibition \/ \u201cMost\u201d, 2017, Stary Browar, Pozna\u0144 \u2013 Group Exhibition \/ \u201cZacny Czwartek\u201d, 2017, Galeria Zacnie, Pozna\u0144 \u2013 Group Exhibition \/ \u201cShit Happens\u201d, 2016, Galeria Zacnie, Pozna\u0144 \u2013 Solo Show<\/p>\n<\/div>\n<\/div>\n<p>[\/vc_column_text][vc_empty_space height=&#8221;30&#8243;][vc_column_text]<\/p>\n<div class=\"wpb_text_column wpb_content_element \">\n<div class=\"wpb_wrapper\">\n<p><strong>Clients &amp; Partners:<\/strong> DHL, Volksvagen, Mc Donald&#8217;s, Lantre, Ibis Hotel, Durex, Lech Piwo, Medicine Wear, Gdynia Design Days, Bulliet, Kayax, Muzeum Emigracji w Gdyni, Pracuj.pl, Manto, Krzysztof Krawczyk, Egmont, Calsberg &amp; Seth &amp; Riley\u2019s, \u00a0Pismo Magazine, Estrada Pozna\u0144ska, U Know Me Records, SBM Label, Focus Park, Coffee Lab, Drukomat.pl, CK Lublin, Ulica Elektryk\u00f3w, Radio Czw\u00f3rka, Miesi\u0119cznik Znak, Ragu Wroc\u0142aw, Body Chief, F5 Magazine, \u0141om\u017ca Jasne Pe\u0142ne, Oficyna Peryferie, Szosa Magazine, Max Flo Records, Tattoo Art Festival, Galeria Bemowo, \u00a0Abstrachuje, Element Talks, Zdrowostki.<\/p>\n<\/div>\n<\/div>\n<p>[\/vc_column_text][vc_empty_space height=&#8221;30&#8243;][\/vc_column][\/vc_row][vc_column css_animation=&#8221;bottom-to-top&#8221; width=&#8221;1\/2&#8243;][\/vc_column]<\/p>\n","protected":false},"excerpt":{"rendered":"<p>[vc_row css_animation=&#8221;slideInRight&#8221;][vc_column][\/vc_column][\/vc_row][vc_row max_width=&#8221;1000&#8243;][vc_column][vc_empty_space height=&#8221;45&#8243;][vc_column_text] Tommy Pie\u00f1czak, artist, illustrator, Art Director with a passion for design. A master of routine, a traveler, and a hyper-active creator [\/vc_column_text][vc_empty_space height=&#8221;30&#8243;][\/vc_column][\/vc_row][vc_row max_width=&#8221;1000&#8243;][vc_column][vc_column_text] I have over a decade of experience working as an Art Director, Illustrator, Entrepreneur, and Designer. I&#8217;ve collaborated with large international brands, worked on complex projects and &hellip;<\/p>\n","protected":false},"author":2,"featured_media":0,"parent":0,"menu_order":10,"comment_status":"closed","ping_status":"closed","template":"","meta":{"footnotes":""},"_links":{"self":[{"href":"https:\/\/tpienczak.com\/en\/wp-json\/wp\/v2\/pages\/27540"}],"collection":[{"href":"https:\/\/tpienczak.com\/en\/wp-json\/wp\/v2\/pages"}],"about":[{"href":"https:\/\/tpienczak.com\/en\/wp-json\/wp\/v2\/types\/page"}],"author":[{"embeddable":true,"href":"https:\/\/tpienczak.com\/en\/wp-json\/wp\/v2\/users\/2"}],"replies":[{"embeddable":true,"href":"https:\/\/tpienczak.com\/en\/wp-json\/wp\/v2\/comments?post=27540"}],"version-history":[{"count":7,"href":"https:\/\/tpienczak.com\/en\/wp-json\/wp\/v2\/pages\/27540\/revisions"}],"predecessor-version":[{"id":29613,"href":"https:\/\/tpienczak.com\/en\/wp-json\/wp\/v2\/pages\/27540\/revisions\/29613"}],"wp:attachment":[{"href":"https:\/\/tpienczak.com\/en\/wp-json\/wp\/v2\/media?parent=27540"}],"curies":[{"name":"wp","href":"https:\/\/api.w.org\/{rel}","templated":true}]}}